{"id":2322,"date":"2024-06-29T01:23:42","date_gmt":"2024-06-29T01:23:42","guid":{"rendered":"https:\/\/kendoisshin.ca\/test\/home\/"},"modified":"2024-09-05T02:30:40","modified_gmt":"2024-09-05T02:30:40","slug":"accueil","status":"publish","type":"page","link":"https:\/\/kendoisshin.ca\/test\/","title":{"rendered":"Accueil"},"content":{"rendered":"\n<div class=\"wp-block-uagb-container uagb-block-80f8b66e alignfull uagb-is-root-container\"><div class=\"uagb-container-inner-blocks-wrap\">\n<div class=\"wp-block-uagb-info-box uagb-block-ea1e98f0 uagb-infobox__content-wrap  uagb-infobox-icon-above-title uagb-infobox-image-valign-top\"><div class=\"uagb-ifb-content\"><div class=\"uagb-ifb-title-wrap\"><h3 class=\"uagb-ifb-title-prefix\">CLUB DE KENDO IAIDO JODO<\/h3><div class=\"uagb-ifb-separator\"><\/div><h1 class=\"uagb-ifb-title\">ISSHIN<gwmw style=\"display:none;\"><gwmw style=\"display:none;\"><\/gwmw><\/gwmw><\/h1><\/div><div class=\"uagb-ifb-button-wrapper wp-block-button\"><a href=\"contact\" class=\"uagb-infobox-cta-link wp-block-button__link\" target=\"_self\" rel=\"noopener noreferrer\" onclick=\"return true;\"><span class=\"uagb-inline-editing\">je m&#8217;inscris<\/span><\/a><\/div><\/div><\/div>\n<\/div><\/div>\n\n\n\n<div class=\"wp-block-uagb-container uagb-block-4e5b41fa alignfull uagb-is-root-container\"><div class=\"uagb-container-inner-blocks-wrap\">\n<div class=\"wp-block-uagb-info-box uagb-block-39a5ef40 uagb-infobox__content-wrap  uagb-infobox-icon-above-title uagb-infobox-image-valign-top wp-block-uagb-info-box--has-margin\"><div class=\"uagb-infobox-margin-wrapper\"><div class=\"uagb-ifb-content\"><div class=\"uagb-ifb-title-wrap\"><h2 class=\"uagb-ifb-title\">Notre dojo<\/h2><\/div><div class=\"uagb-ifb-separator\"><\/div><p class=\"uagb-ifb-desc\">Le Club de kendo, iaido et jodo Isshin a \u00e9t\u00e9 fond\u00e9 en f\u00e9vrier 1992 par sensei Gilles Valiquette. <br>D\u00e9di\u00e9 \u00e0 l\u2019origine au kendo et \u00e0 l\u2019iaido, le dojo a \u00e9largi ses horizons dans les ann\u00e9es 2010 en int\u00e9grant le jodo \u00e0 son r\u00e9pertoire d\u2019arts martiaux.<\/p><\/div><\/div><\/div>\n<\/div><\/div>\n\n\n\n<div class=\"wp-block-uagb-container uagb-block-3758bb5e alignfull uagb-is-root-container\"><div class=\"uagb-container-inner-blocks-wrap\">\n<div class=\"wp-block-uagb-advanced-heading uagb-block-b031b831\"><h2 class=\"uagb-heading-text\">Nos Disciplines<\/h2><div class=\"uagb-separator\"><\/div><\/div>\n\n\n\n<div class=\"wp-block-uagb-container uagb-layout-flex uagb-block-7d938bcb\">\n<div class=\"wp-block-uagb-container uagb-block-679d7517\">\n<div class=\"wp-block-uagb-container uagb-layout-flex uagb-block-702f2928\">\n<div class=\"wp-block-uagb-image uagb-block-393e3d03 wp-block-uagb-image--layout-default wp-block-uagb-image--effect-static wp-block-uagb-image--align-none\"><figure class=\"wp-block-uagb-image__figure\"><img decoding=\"async\" srcset=\"https:\/\/kendoisshin.ca\/test\/wp-content\/uploads\/2024\/06\/IMG_4604-1-1024x683.jpg ,https:\/\/kendoisshin.ca\/test\/wp-content\/uploads\/2024\/06\/IMG_4604-1-scaled.jpg 780w, https:\/\/kendoisshin.ca\/test\/wp-content\/uploads\/2024\/06\/IMG_4604-1-scaled.jpg 360w\" sizes=\"auto, (max-width: 480px) 150px\" src=\"https:\/\/kendoisshin.ca\/test\/wp-content\/uploads\/2024\/06\/IMG_4604-1-1024x683.jpg\" alt=\"\" class=\"uag-image-2353\" width=\"1024\" height=\"683\" title=\"IMG_4604\" loading=\"lazy\" role=\"img\"\/><\/figure><\/div>\n\n\n\n<div class=\"wp-block-uagb-info-box uagb-block-c6af3189 uagb-infobox__content-wrap  uagb-infobox-icon-below-title uagb-infobox-image-valign-top\"><div class=\"uagb-ifb-content\"><div class=\"uagb-ifb-title-wrap\"><h6 class=\"uagb-ifb-title-prefix\">Jeudi\u00a019h \u00e0 21h<br>Dimanche\u00a011h \u00e0 13h<\/h6><h3 class=\"uagb-ifb-title\">Kendo<\/h3><\/div><div class=\"uagb-ifb-separator\"><\/div><p class=\"uagb-ifb-desc\">Le kendo est un art martial japonais s\u2019apparentant \u00e0 de l\u2019escrime o\u00f9 des combattants en armure s\u2019affrontent avec un sabre en bambou qui repr\u00e9sente un katana, l\u2019arme utilis\u00e9e jadis par les samoura\u00efs.&nbsp;<\/p><\/div><\/div>\n\n\n\n<div class=\"wp-block-uagb-buttons uagb-buttons__outer-wrap uagb-btn__default-btn uagb-btn-tablet__default-btn uagb-btn-mobile__default-btn uagb-block-92502d7e\"><div class=\"uagb-buttons__wrap uagb-buttons-layout-wrap \">\n<div class=\"wp-block-uagb-buttons-child uagb-buttons__outer-wrap uagb-block-16b04aad wp-block-button\"><div class=\"uagb-button__wrapper\"><a class=\"uagb-buttons-repeater wp-block-button__link\" aria-label=\"\" href=\"kendo\" rel=\"follow noopener\" target=\"_self\" role=\"button\"><div class=\"uagb-button__link\">En savoir plus<\/div><\/a><\/div><\/div>\n<\/div><\/div>\n<\/div>\n<\/div>\n\n\n\n<div class=\"wp-block-uagb-container uagb-block-ad2aec4a\">\n<div class=\"wp-block-uagb-image uagb-block-f2ec616a wp-block-uagb-image--layout-default wp-block-uagb-image--effect-static wp-block-uagb-image--align-none\"><figure class=\"wp-block-uagb-image__figure\"><img decoding=\"async\" srcset=\"https:\/\/kendoisshin.ca\/test\/wp-content\/uploads\/2024\/06\/0-MR6A9459-1-1024x683.jpg ,https:\/\/kendoisshin.ca\/test\/wp-content\/uploads\/2024\/06\/0-MR6A9459-1-scaled.jpg 780w, https:\/\/kendoisshin.ca\/test\/wp-content\/uploads\/2024\/06\/0-MR6A9459-1-scaled.jpg 360w\" sizes=\"auto, (max-width: 480px) 150px\" src=\"https:\/\/kendoisshin.ca\/test\/wp-content\/uploads\/2024\/06\/0-MR6A9459-1-1024x683.jpg\" alt=\"\" class=\"uag-image-2351\" width=\"1024\" height=\"683\" title=\"0-MR6A9459\" loading=\"lazy\" role=\"img\"\/><\/figure><\/div>\n\n\n\n<div class=\"wp-block-uagb-info-box uagb-block-c5cc88d5 uagb-infobox__content-wrap  uagb-infobox-icon-below-title uagb-infobox-image-valign-top\"><div class=\"uagb-ifb-content\"><div class=\"uagb-ifb-title-wrap\"><h6 class=\"uagb-ifb-title-prefix\"><br>Mardi\u00a019h \u00e0 21h<\/h6><h3 class=\"uagb-ifb-title\">Iaido<\/h3><\/div><div class=\"uagb-ifb-separator\"><\/div><p class=\"uagb-ifb-desc\">L\u2019iaido est l\u2019art de d\u00e9gainer le sabre et de r\u00e9aliser des coupes avec fluidit\u00e9 et pr\u00e9cision. Il permet aux participants de d\u00e9velopper concentration et ma\u00eetrise de soi. Il s\u2019exerce le plus souvent avec un iaito, un sabre non-tranchant, con\u00e7u pour la pratique.<\/p><\/div><\/div>\n\n\n\n<div class=\"wp-block-uagb-buttons uagb-buttons__outer-wrap uagb-btn__default-btn uagb-btn-tablet__default-btn uagb-btn-mobile__default-btn uagb-block-9209dfc4\"><div class=\"uagb-buttons__wrap uagb-buttons-layout-wrap \">\n<div class=\"wp-block-uagb-buttons-child uagb-buttons__outer-wrap uagb-block-6f67f1ea wp-block-button\"><div class=\"uagb-button__wrapper\"><a class=\"uagb-buttons-repeater wp-block-button__link\" aria-label=\"\" href=\"iaido\" rel=\"follow noopener\" target=\"_self\" role=\"button\"><div class=\"uagb-button__link\">en savoir plus<\/div><\/a><\/div><\/div>\n<\/div><\/div>\n<\/div>\n\n\n\n<div class=\"wp-block-uagb-container uagb-block-2325865d\">\n<div class=\"wp-block-uagb-image uagb-block-65f7dc76 wp-block-uagb-image--layout-default wp-block-uagb-image--effect-static wp-block-uagb-image--align-none\"><figure class=\"wp-block-uagb-image__figure\"><img decoding=\"async\" srcset=\"https:\/\/kendoisshin.ca\/test\/wp-content\/uploads\/2024\/08\/MR6A9191-1024x683.jpg ,https:\/\/kendoisshin.ca\/test\/wp-content\/uploads\/2024\/08\/MR6A9191-scaled.jpg 780w, https:\/\/kendoisshin.ca\/test\/wp-content\/uploads\/2024\/08\/MR6A9191-scaled.jpg 360w\" sizes=\"auto, (max-width: 480px) 150px\" src=\"https:\/\/kendoisshin.ca\/test\/wp-content\/uploads\/2024\/08\/MR6A9191-1024x683.jpg\" alt=\"\" class=\"uag-image-2449\" width=\"1024\" height=\"683\" title=\"MR6A9191\" loading=\"lazy\" role=\"img\"\/><\/figure><\/div>\n\n\n\n<div class=\"wp-block-uagb-info-box uagb-block-0c4fa20a uagb-infobox__content-wrap  uagb-infobox-icon-below-title uagb-infobox-image-valign-top\"><div class=\"uagb-ifb-content\"><div class=\"uagb-ifb-title-wrap\"><h6 class=\"uagb-ifb-title-prefix\">Jeudi\u00a017h45 \u00e0 18h45<br>Dimanche\u00a09h45 \u00e0 10h45<\/h6><h3 class=\"uagb-ifb-title\">Jodo<\/h3><\/div><div class=\"uagb-ifb-separator\"><\/div><p class=\"uagb-ifb-desc\">Le jodo est un art martial ax\u00e9 sur le maniement du b\u00e2ton \u00e0 travers des mouvements de combat chor\u00e9graphi\u00e9s. Il se distingue des autres arts martiaux par l\u2019objectif du combattant qui est de vaincre l&#8217;adversaire sans le tuer ou le blesser gri\u00e8vement.<\/p><\/div><\/div>\n\n\n\n<div class=\"wp-block-uagb-buttons uagb-buttons__outer-wrap uagb-btn__default-btn uagb-btn-tablet__default-btn uagb-btn-mobile__default-btn uagb-block-fec7219a\"><div class=\"uagb-buttons__wrap uagb-buttons-layout-wrap \">\n<div class=\"wp-block-uagb-buttons-child uagb-buttons__outer-wrap uagb-block-e32146ea wp-block-button\"><div class=\"uagb-button__wrapper\"><a class=\"uagb-buttons-repeater wp-block-button__link\" aria-label=\"\" href=\"jodo\" rel=\"follow noopener\" target=\"_self\" role=\"button\"><div class=\"uagb-button__link\">En savoir plus<\/div><\/a><\/div><\/div>\n<\/div><\/div>\n<\/div>\n<\/div>\n<\/div><\/div>\n\n\n\n<div class=\"wp-block-uagb-container uagb-block-0127aa57 alignfull uagb-is-root-container\"><div class=\"uagb-container-inner-blocks-wrap\">\n<div class=\"wp-block-uagb-info-box uagb-block-f36d28c7 uagb-infobox__content-wrap  uagb-infobox-icon-above-title uagb-infobox-image-valign-top\"><div class=\"uagb-ifb-content\"><div class=\"uagb-ifb-title-wrap\"><h2 class=\"uagb-ifb-title\">La signification d&#8217;Isshin<\/h2><\/div><div class=\"uagb-ifb-separator\"><\/div><p class=\"uagb-ifb-desc\">Le nom de notre dojo signifie \u201cun esprit imperturbable\u201d, enti\u00e8rement concentr\u00e9 \u00e0 la t\u00e2che. Par l\u2019apprentissage du maniement du sabre, nous d\u00e9veloppons la capacit\u00e9 de faire le vide dans notre esprit pour ex\u00e9cuter une t\u00e2che parfaitement.&nbsp;<\/p><\/div><\/div>\n<\/div><\/div>\n\n\n\n<div class=\"wp-block-uagb-container uagb-block-68114d61 alignfull uagb-is-root-container\"><div class=\"uagb-container-inner-blocks-wrap\">\n<div class=\"wp-block-uagb-container uagb-block-3f1399b9\">\n<div class=\"wp-block-uagb-info-box uagb-block-727ca6c6 uagb-infobox__content-wrap  uagb-infobox-icon-above-title uagb-infobox-image-valign-top\"><div class=\"uagb-ifb-content\"><div class=\"uagb-ifb-title-wrap\"><h2 class=\"uagb-ifb-title\">Notre Mission<\/h2><\/div><div class=\"uagb-ifb-separator\"><\/div><p class=\"uagb-ifb-desc\">Guid\u00e9s par l\u2019h\u00e9ritage de notre fondateur, nous consid\u00e9rons la pratique des arts martiaux comme un outil de d\u00e9veloppement personnel et de ma\u00eetrise de soi.<br><br>Au c\u0153ur de notre enseignement, nous croyons en la cr\u00e9ation d\u2019un espace o\u00f9 la camaraderie s\u2019\u00e9panouit, et o\u00f9 le respect du cheminement individuel trouve sa place. Nous accordons une importance particuli\u00e8re au rythme de progression, adapt\u00e9 aux capacit\u00e9s physiques de chaque participant.<\/p><div class=\"uagb-ifb-button-wrapper wp-block-button\"><a href=\"contact\" class=\"uagb-infobox-cta-link wp-block-button__link\" target=\"_self\" rel=\"noopener noreferrer\" onclick=\"return true;\"><span class=\"uagb-inline-editing\">pour nous joindre<\/span><\/a><\/div><\/div><\/div>\n<\/div>\n\n\n\n<div class=\"wp-block-uagb-container uagb-block-1094613c\">\n<div class=\"wp-block-uagb-image uagb-block-30fcdd8d wp-block-uagb-image--layout-default wp-block-uagb-image--effect-static wp-block-uagb-image--align-none\"><figure class=\"wp-block-uagb-image__figure\"><img decoding=\"async\" srcset=\"https:\/\/kendoisshin.ca\/test\/wp-content\/uploads\/2024\/06\/IMG_4971-1-1024x683.jpg ,https:\/\/kendoisshin.ca\/test\/wp-content\/uploads\/2024\/06\/IMG_4971-1-scaled.jpg 780w, https:\/\/kendoisshin.ca\/test\/wp-content\/uploads\/2024\/06\/IMG_4971-1-scaled.jpg 360w\" sizes=\"auto, (max-width: 480px) 150px\" src=\"https:\/\/kendoisshin.ca\/test\/wp-content\/uploads\/2024\/06\/IMG_4971-1-1024x683.jpg\" alt=\"\" class=\"uag-image-2358\" width=\"360\" height=\"225\" title=\"IMG_4971\" loading=\"lazy\" role=\"img\"\/><\/figure><\/div>\n\n\n\n<div class=\"wp-block-uagb-image aligncenter uagb-block-d866eef3 wp-block-uagb-image--layout-default wp-block-uagb-image--effect-static wp-block-uagb-image--align-center\"><figure class=\"wp-block-uagb-image__figure\"><img decoding=\"async\" srcset=\"https:\/\/kendoisshin.ca\/test\/wp-content\/uploads\/2024\/06\/IMG_4502-1-1024x683.jpg ,https:\/\/kendoisshin.ca\/test\/wp-content\/uploads\/2024\/06\/IMG_4502-1-scaled.jpg 780w, https:\/\/kendoisshin.ca\/test\/wp-content\/uploads\/2024\/06\/IMG_4502-1-scaled.jpg 360w\" sizes=\"auto, (max-width: 480px) 150px\" src=\"https:\/\/kendoisshin.ca\/test\/wp-content\/uploads\/2024\/06\/IMG_4502-1-1024x683.jpg\" alt=\"\" class=\"uag-image-2357\" width=\"360\" height=\"367\" title=\"IMG_4502\" loading=\"lazy\" role=\"img\"\/><\/figure><\/div>\n<\/div>\n\n\n\n<div class=\"wp-block-uagb-container uagb-block-774d6300\">\n<div class=\"wp-block-uagb-image uagb-block-2d632a7a wp-block-uagb-image--layout-default wp-block-uagb-image--effect-static wp-block-uagb-image--align-none\"><figure class=\"wp-block-uagb-image__figure\"><img decoding=\"async\" srcset=\"https:\/\/kendoisshin.ca\/test\/wp-content\/uploads\/2024\/06\/IAI-Gr-IMG_0607-1-1024x768.jpeg ,https:\/\/kendoisshin.ca\/test\/wp-content\/uploads\/2024\/06\/IAI-Gr-IMG_0607-1-scaled.jpeg 780w, https:\/\/kendoisshin.ca\/test\/wp-content\/uploads\/2024\/06\/IAI-Gr-IMG_0607-1-scaled.jpeg 360w\" sizes=\"auto, (max-width: 480px) 150px\" src=\"https:\/\/kendoisshin.ca\/test\/wp-content\/uploads\/2024\/06\/IAI-Gr-IMG_0607-1-1024x768.jpeg\" alt=\"\" class=\"uag-image-2350\" width=\"360\" height=\"367\" title=\"IAI-Gr-IMG_0607\" loading=\"lazy\" role=\"img\"\/><\/figure><\/div>\n\n\n\n<div class=\"wp-block-uagb-image uagb-block-3f321722 wp-block-uagb-image--layout-default wp-block-uagb-image--effect-static wp-block-uagb-image--align-none\"><figure class=\"wp-block-uagb-image__figure\"><img decoding=\"async\" srcset=\"https:\/\/kendoisshin.ca\/test\/wp-content\/uploads\/2024\/06\/MR6A9219-1024x683.jpg ,https:\/\/kendoisshin.ca\/test\/wp-content\/uploads\/2024\/06\/MR6A9219-scaled.jpg 780w, https:\/\/kendoisshin.ca\/test\/wp-content\/uploads\/2024\/06\/MR6A9219-scaled.jpg 360w\" sizes=\"auto, (max-width: 480px) 150px\" src=\"https:\/\/kendoisshin.ca\/test\/wp-content\/uploads\/2024\/06\/MR6A9219-1024x683.jpg\" alt=\"\" class=\"uag-image-2354\" width=\"360\" height=\"218\" title=\"MR6A9219\" loading=\"lazy\" role=\"img\"\/><\/figure><\/div>\n<\/div>\n<\/div><\/div>\n\n\n\n<p><\/p>\n","protected":false},"excerpt":{"rendered":"<p>Nos Disciplines<\/p>\n","protected":false},"author":1,"featured_media":0,"parent":0,"menu_order":0,"comment_status":"closed","ping_status":"closed","template":"","meta":{"_uag_custom_page_level_css":"","site-sidebar-layout":"no-sidebar","site-content-layout":"plain-container","ast-site-content-layout":"full-width-container","site-content-style":"unboxed","site-sidebar-style":"unboxed","ast-global-header-display":"","ast-banner-title-visibility":"","ast-main-header-display":"","ast-hfb-above-header-display":"","ast-hfb-below-header-display":"","ast-hfb-mobile-header-display":"","site-post-title":"disabled","ast-breadcrumbs-content":"","ast-featured-img":"","footer-sml-layout":"","theme-transparent-header-meta":"enabled","adv-header-id-meta":"","stick-header-meta":"","header-above-stick-meta":"","header-main-stick-meta":"","header-below-stick-meta":"","astra-migrate-meta-layouts":"set","ast-page-background-enabled":"default","ast-page-background-meta":{"desktop":{"background-color":"","background-image":"","background-repeat":"repeat","background-position":"center center","background-size":"auto","background-attachment":"scroll","background-type":"","background-media":"","overlay-type":"","overlay-color":"","overlay-opacity":"","overlay-gradient":""},"tablet":{"background-color":"","background-image":"","background-repeat":"repeat","background-position":"center center","background-size":"auto","background-attachment":"scroll","background-type":"","background-media":"","overlay-type":"","overlay-color":"","overlay-opacity":"","overlay-gradient":""},"mobile":{"background-color":"","background-image":"","background-repeat":"repeat","background-position":"center center","background-size":"auto","background-attachment":"scroll","background-type":"","background-media":"","overlay-type":"","overlay-color":"","overlay-opacity":"","overlay-gradient":""}},"ast-content-background-meta":{"desktop":{"background-color":"var(--ast-global-color-5)","background-image":"","background-repeat":"repeat","background-position":"center center","background-size":"auto","background-attachment":"scroll","background-type":"","background-media":"","overlay-type":"","overlay-color":"","overlay-opacity":"","overlay-gradient":""},"tablet":{"background-color":"var(--ast-global-color-5)","background-image":"","background-repeat":"repeat","background-position":"center center","background-size":"auto","background-attachment":"scroll","background-type":"","background-media":"","overlay-type":"","overlay-color":"","overlay-opacity":"","overlay-gradient":""},"mobile":{"background-color":"var(--ast-global-color-5)","background-image":"","background-repeat":"repeat","background-position":"center center","background-size":"auto","background-attachment":"scroll","background-type":"","background-media":"","overlay-type":"","overlay-color":"","overlay-opacity":"","overlay-gradient":""}},"footnotes":""},"class_list":["post-2322","page","type-page","status-publish","hentry"],"uagb_featured_image_src":{"full":false,"thumbnail":false,"medium":false,"medium_large":false,"large":false,"1536x1536":false,"2048x2048":false},"uagb_author_info":{"display_name":"admin","author_link":"https:\/\/kendoisshin.ca\/test\/author\/admin\/"},"uagb_comment_info":0,"uagb_excerpt":"Nos Disciplines","_links":{"self":[{"href":"https:\/\/kendoisshin.ca\/test\/wp-json\/wp\/v2\/pages\/2322","targetHints":{"allow":["GET"]}}],"collection":[{"href":"https:\/\/kendoisshin.ca\/test\/wp-json\/wp\/v2\/pages"}],"about":[{"href":"https:\/\/kendoisshin.ca\/test\/wp-json\/wp\/v2\/types\/page"}],"author":[{"embeddable":true,"href":"https:\/\/kendoisshin.ca\/test\/wp-json\/wp\/v2\/users\/1"}],"replies":[{"embeddable":true,"href":"https:\/\/kendoisshin.ca\/test\/wp-json\/wp\/v2\/comments?post=2322"}],"version-history":[{"count":43,"href":"https:\/\/kendoisshin.ca\/test\/wp-json\/wp\/v2\/pages\/2322\/revisions"}],"predecessor-version":[{"id":2599,"href":"https:\/\/kendoisshin.ca\/test\/wp-json\/wp\/v2\/pages\/2322\/revisions\/2599"}],"wp:attachment":[{"href":"https:\/\/kendoisshin.ca\/test\/wp-json\/wp\/v2\/media?parent=2322"}],"curies":[{"name":"wp","href":"https:\/\/api.w.org\/{rel}","templated":true}]}}